{"id":351,"date":"2017-02-23T20:49:07","date_gmt":"2017-02-23T19:49:07","guid":{"rendered":"https:\/\/stefaniemildenberger.de\/wp\/?page_id=351"},"modified":"2018-05-01T11:29:37","modified_gmt":"2018-05-01T09:29:37","slug":"klavierunterricht-fuer-kinder","status":"publish","type":"page","link":"https:\/\/stefaniemildenberger.de\/wp\/klavierunterricht\/klavierunterricht-fuer-kinder\/","title":{"rendered":"Klavierunterricht f\u00fcr Kinder"},"content":{"rendered":"<p>Jeder Mensch ist anders &#8211; so platt wie es klingt, so deutlich wird dies in der Arbeit mit Kindern. Was f\u00fcr das eine Kind ein optimaler Zugang ist, ist f\u00fcr das andere Kind kontraproduktiv. Der Lernfortschritt kann manchmal nur m\u00fchsam vorw\u00e4rts schreiten, um dann auf einmal regelrecht zu katapultieren. Und im anderen Fall kann ein Kind, dem das Klavierspiel nicht sofort in den Scho\u00df f\u00e4llt, durch Begeisterung und Kontinuit\u00e4t die anfangs scheinbar &#8218;begabteren&#8216; Sch\u00fcler \u00fcberfliegen, denen nach der anf\u00e4nglichen Euphorie bei ersten Schwierigkeiten &#8218;die Luft ausgeht&#8216;. Es ist mir ein gro\u00dfes Anliegen, einen individuellen Unterricht anzubieten, der jedem Kind Lernfortschritte im Rahmen der eigenen M\u00f6glichkeiten erm\u00f6glicht und der vor allen Dingen Spa\u00df macht! Spa\u00df und Freude ist der Motor, der Lernende antreibt &#8211; und der stillsteht, wenn \u00dcber- oder Unterforderung, Frustration oder die Auswahl der falschen St\u00fccke die Motivation ausschalten.<\/p>\n<p>Es ist ein langer Weg, das Klavierspielen zu erlernen &#8211; mehr ein Marathon als ein kurzer Sprint. Damit die Motivation nicht nachl\u00e4sst, sind Erfolgserlebnisse essentiell. Und daf\u00fcr braucht es auch Ihre Unterst\u00fctzung als Eltern beim t\u00e4glichen \u00dcben, gerade in der Anfangszeit. Ohne \u00dcben wird der Unterricht auf Dauer m\u00fchsam und frustrierend, nicht nur f\u00fcr mich als Lehrer, sondern vor allem f\u00fcr das Kind selbst. Gerne gebe ich Ihnen nach der jeweiligen Unterrichtsstunde Feedback zum Lernprozess und den Aufgaben und gebe Tipps, wie Sie Ihr Kind unterst\u00fctzen und begleiten k\u00f6nnen.<\/p>\n<p>Neben den \u00e4u\u00dferen Faktoren wie dem Bem\u00fchen um eine sch\u00f6ne Unterrichtsatmosph\u00e4re, moderne und ansprechende Unterrichtsmaterialien und der positiv unterst\u00fctzenden Sch\u00fcler-Lehrer-Beziehung sind auch die inhaltlichen Faktoren zentral f\u00fcr meine Auffassung eines qualitativ hochwertigen Unterrichts. Es ist f\u00fcr mich ein gro\u00dfes Anliegen, den Sch\u00fcler Schritt f\u00fcr Schritt darauf hinzuf\u00fchren, selbstst\u00e4ndig Musikst\u00fccke zu verstehen und zu erarbeiten. Hierzu wird es um das Reflektieren und Ein\u00fcben von \u00dcbetechniken gehen, um theoretische Grundlagen wie das Notenlesen und die Harmonielehre und um praktische Fragen wie Technik, Rhythmik und Interpretation. Schon im Anf\u00e4ngerunterricht f\u00fcr Kinder ab f\u00fcnf Jahren wird Wert auf die Schulung des Geh\u00f6rs, der Improvisation und dem Umgang mit musikalischen Grundbegriffen gelegt. Je nach Interesse des Sch\u00fclers kann an klassischer Klavierliteratur gearbeitet werden oder auch an Techniken zur Liedbegleitung und Improvisation in Verbindung mit musiktheoretischen Grundlagen \u00fcber Harmonisation, Satztechniken und Stilistiken von Klassik bis Jazz\/Rock\/Pop.<\/p>\n<p>Zu einer guten und gesunden Spieltechnik, welche die Bew\u00e4ltigung technischer Schwierigkeiten und Herausforderungen mit einer spielerischen Leichtigkeit erm\u00f6glicht, ist auch die Entwicklung des K\u00f6rpergef\u00fchls Teil des Klavierunterrichts. Verspannungen sind nicht nur unangenehm und k\u00f6nnen im Ernstfall zu Sehnenscheidenentz\u00fcndungen f\u00fchren, sondern verhindern auch eine Umsetzung der Klangvorstellung, die unbedingt einen richtigen und bewussten K\u00f6rpereinsatz erfordert. Verspannungen und ung\u00fcnstige Bewegungsabl\u00e4ufe k\u00f6nnen zu Blockaden f\u00fchren, welche die Freude am Klavierspielen sehr eind\u00e4mmen k\u00f6nnen. Hier k\u00f6nnen auch K\u00f6rper\u00fcbungen zum Einsatz kommen, welche ein K\u00f6rpergef\u00fchl f\u00fcr \u00f6konomische und gesunde Bewegungen f\u00f6rdern k\u00f6nnen.<\/p>\n<p>Die L\u00e4nge des Unterrichts ist abh\u00e4ngig davon, welche Bed\u00fcrfnisse und W\u00fcnsche ein Sch\u00fcler hat und welche Ziele er verfolgt. Bei jungen Kindern empfiehlt sich ein Einstieg mit 30-Minuten-Einheiten, welche bald auf 45 Minuten erweitert werden k\u00f6nnen. F\u00fcr Kinder und Jugendliche, welche den Unterricht mit ambitionierteren Absichten verfolgen, k\u00f6nnen auch 60-90-Minuten-Einheiten sinnvoll sein. In diesem Fall w\u00e4re auch mehr Zeit f\u00fcr Improvisation, Komposition, Geh\u00f6rbildung und die Er\u00f6rterung musiktheoretischer Fragestellungen.<\/p>\n","protected":false},"excerpt":{"rendered":"<p>Jeder Mensch ist anders &#8211; so platt wie es klingt, so deutlich wird dies in der Arbeit mit Kindern. Was f\u00fcr das eine Kind ein optimaler Zugang ist, ist f\u00fcr das andere Kind kontraproduktiv. Der Lernfortschritt kann manchmal nur m\u00fchsam&#8230; <a class=\"more-link\" href=\"https:\/\/stefaniemildenberger.de\/wp\/klavierunterricht\/klavierunterricht-fuer-kinder\/\">Continue Reading &rarr;<\/a><\/p>\n","protected":false},"author":2,"featured_media":953,"parent":107,"menu_order":41,"comment_status":"closed","ping_status":"closed","template":"","meta":{"footnotes":""},"class_list":["post-351","page","type-page","status-publish","has-post-thumbnail","hentry"],"_links":{"self":[{"href":"https:\/\/stefaniemildenberger.de\/wp\/wp-json\/wp\/v2\/pages\/351","targetHints":{"allow":["GET"]}}],"collection":[{"href":"https:\/\/stefaniemildenberger.de\/wp\/wp-json\/wp\/v2\/pages"}],"about":[{"href":"https:\/\/stefaniemildenberger.de\/wp\/wp-json\/wp\/v2\/types\/page"}],"author":[{"embeddable":true,"href":"https:\/\/stefaniemildenberger.de\/wp\/wp-json\/wp\/v2\/users\/2"}],"replies":[{"embeddable":true,"href":"https:\/\/stefaniemildenberger.de\/wp\/wp-json\/wp\/v2\/comments?post=351"}],"version-history":[{"count":4,"href":"https:\/\/stefaniemildenberger.de\/wp\/wp-json\/wp\/v2\/pages\/351\/revisions"}],"predecessor-version":[{"id":833,"href":"https:\/\/stefaniemildenberger.de\/wp\/wp-json\/wp\/v2\/pages\/351\/revisions\/833"}],"up":[{"embeddable":true,"href":"https:\/\/stefaniemildenberger.de\/wp\/wp-json\/wp\/v2\/pages\/107"}],"wp:featuredmedia":[{"embeddable":true,"href":"https:\/\/stefaniemildenberger.de\/wp\/wp-json\/wp\/v2\/media\/953"}],"wp:attachment":[{"href":"https:\/\/stefaniemildenberger.de\/wp\/wp-json\/wp\/v2\/media?parent=351"}],"curies":[{"name":"wp","href":"https:\/\/api.w.org\/{rel}","templated":true}]}}