{"id":354,"date":"2017-02-23T20:51:35","date_gmt":"2017-02-23T19:51:35","guid":{"rendered":"https:\/\/stefaniemildenberger.de\/wp\/?page_id=354"},"modified":"2018-01-21T17:46:25","modified_gmt":"2018-01-21T16:46:25","slug":"klavierunterricht-fuer-erwachsene","status":"publish","type":"page","link":"https:\/\/stefaniemildenberger.de\/wp\/klavierunterricht\/klavierunterricht-fuer-erwachsene\/","title":{"rendered":"Klavierunterricht f\u00fcr Erwachsene"},"content":{"rendered":"<p>Erwachsene kommen erfahrungsgem\u00e4\u00df mit sehr individuellen Vorstellungen in den Klavierunterricht. Bei einigen geht es um das Auffrischen ihrer Klavierkenntnisse und ein m\u00f6glichst nahtloses Anschlie\u00dfen an den zur\u00fcckliegenden Klavierunterricht. Andere haben sich autodidaktisch viele Kenntnisse und F\u00e4higkeiten angeeignet und stellen irgendwann fest, dass sie f\u00fcr bestimmte Themen gezielte Unterst\u00fctzung von professioneller Seite ben\u00f6tigen. Und schlie\u00dflich gibt es noch die Gruppe Erwachsener, die sich manchmal noch im hohen Alter einen Kindheitstraum erf\u00fcllen m\u00f6chten: Klavier lernen, von der Pike auf.<\/p>\n<p>Mir ist es eine gro\u00dfe Freude, auf die unterschiedlichen Bed\u00fcrfnisse und Themen meiner erwachsenen Sch\u00fcler einzugehen. Musikalische Vorlieben und konkrete Anliegen sind erw\u00fcnscht! Gerne erfrage ich ausf\u00fchrlich die W\u00fcnsche und Bed\u00fcrfnisse und biete ein individuelles Konzept, um diese zu erf\u00fcllen. Dies muss nicht in einer w\u00f6chentlichen Unterrichtsstunde stattfinden. Es k\u00f6nnen auch Einzelstunden in gr\u00f6\u00dferen Abst\u00e4nde gebucht werden, wenn es der berufliche und famili\u00e4re Alltag nicht anders zul\u00e4sst. Dies k\u00f6nnen wir individuell absprechen und immer wieder neu anpassen.<\/p>\n<p>Themen f\u00fcr den Klavierunterricht f\u00fcr Erwachsene k\u00f6nnen sein:<\/p>\n<ul type=\"disc\">\n<li>Notenlesen lernen<\/li>\n<li>Erarbeiten von Klavierliteratur Klassik bis Filmmusik<\/li>\n<li>Liedbegleitung<\/li>\n<li>Improvisation<\/li>\n<li>Komposition<\/li>\n<li>Musiktheorie, Geh\u00f6rbildung<\/li>\n<li>Verbesserung der Klaviertechnik<\/li>\n<li>K\u00f6rper\u00fcbungen f\u00fcr das Ein\u00fcben \u00f6konomischer und gesunder Bewegungsabl\u00e4ufe<\/li>\n<li>\u00dcbetipps<\/li>\n<\/ul>\n<h2>Es ist auch m\u00f6glich, als Anf\u00e4nger ohne Finger\u00fcbungen und langweilige Et\u00fcden schnell Lernerfolge zu erzielen, damit sie schon nach wenigen Klavierstunden St\u00fccke spielen k\u00f6nnen, die Ihnen Freude machen!<\/h2>\n","protected":false},"excerpt":{"rendered":"<p>Erwachsene kommen erfahrungsgem\u00e4\u00df mit sehr individuellen Vorstellungen in den Klavierunterricht. Bei einigen geht es um das Auffrischen ihrer Klavierkenntnisse und ein m\u00f6glichst nahtloses Anschlie\u00dfen an den zur\u00fcckliegenden Klavierunterricht. Andere haben sich autodidaktisch viele Kenntnisse und F\u00e4higkeiten angeeignet und stellen irgendwann&#8230; <a class=\"more-link\" href=\"https:\/\/stefaniemildenberger.de\/wp\/klavierunterricht\/klavierunterricht-fuer-erwachsene\/\">Continue Reading &rarr;<\/a><\/p>\n","protected":false},"author":2,"featured_media":952,"parent":107,"menu_order":42,"comment_status":"closed","ping_status":"closed","template":"","meta":{"footnotes":""},"class_list":["post-354","page","type-page","status-publish","has-post-thumbnail","hentry"],"_links":{"self":[{"href":"https:\/\/stefaniemildenberger.de\/wp\/wp-json\/wp\/v2\/pages\/354","targetHints":{"allow":["GET"]}}],"collection":[{"href":"https:\/\/stefaniemildenberger.de\/wp\/wp-json\/wp\/v2\/pages"}],"about":[{"href":"https:\/\/stefaniemildenberger.de\/wp\/wp-json\/wp\/v2\/types\/page"}],"author":[{"embeddable":true,"href":"https:\/\/stefaniemildenberger.de\/wp\/wp-json\/wp\/v2\/users\/2"}],"replies":[{"embeddable":true,"href":"https:\/\/stefaniemildenberger.de\/wp\/wp-json\/wp\/v2\/comments?post=354"}],"version-history":[{"count":1,"href":"https:\/\/stefaniemildenberger.de\/wp\/wp-json\/wp\/v2\/pages\/354\/revisions"}],"predecessor-version":[{"id":355,"href":"https:\/\/stefaniemildenberger.de\/wp\/wp-json\/wp\/v2\/pages\/354\/revisions\/355"}],"up":[{"embeddable":true,"href":"https:\/\/stefaniemildenberger.de\/wp\/wp-json\/wp\/v2\/pages\/107"}],"wp:featuredmedia":[{"embeddable":true,"href":"https:\/\/stefaniemildenberger.de\/wp\/wp-json\/wp\/v2\/media\/952"}],"wp:attachment":[{"href":"https:\/\/stefaniemildenberger.de\/wp\/wp-json\/wp\/v2\/media?parent=354"}],"curies":[{"name":"wp","href":"https:\/\/api.w.org\/{rel}","templated":true}]}}